{"id":1379,"date":"2022-02-04T14:32:47","date_gmt":"2022-02-04T13:32:47","guid":{"rendered":"https:\/\/atakondoa.educacion.navarra.es\/web\/?page_id=1379"},"modified":"2022-02-04T14:32:49","modified_gmt":"2022-02-04T13:32:49","slug":"atakondoaren-eskualdeak","status":"publish","type":"page","link":"https:\/\/atakondoa.educacion.navarra.es\/web\/atakondoaren-eskualdeak\/","title":{"rendered":"Atakondoaren eskualdeak"},"content":{"rendered":"\n<table style=\"border-collapse: collapse; width: 100%; height: 1165px;\">\n<tbody>\n<tr style=\"height: 29px;\">\n<td style=\"width: 50%; height: 29px; border-color: #000000;\"><strong>Udalerria<\/strong><\/td>\n<td style=\"width: 50%; height: 29px; border-color: #000000;\"><strong>Herria<\/strong><\/td>\n<\/tr>\n<tr style=\"height: 29px;\">\n<td style=\"width: 50%; height: 29px; border-color: #000000;\">Irurtzun<\/td>\n<td style=\"width: 50%; height: 29px; border-color: #000000;\">Irurtzun<\/td>\n<\/tr>\n<tr style=\"height: 367px;\">\n<td style=\"width: 50%; height: 367px; border-color: #000000;\">Arakil<\/td>\n<td style=\"width: 50%; height: 367px; border-color: #000000;\"><span style=\"font-weight: 400;\">Aizkorbe<br \/>Ekai<br \/>Etxarren<br \/>Etxeberri<br \/>Egiarreta<br \/>Errotz<br \/>Izurdiaga<br \/>Murgindueta<br \/>Itsasperri<br \/>Satrustegi<br \/>Urritzola<br \/>Hiriberri\/Villanueva<br \/>Ihabar<br \/>Zuhatzu<\/span><\/td>\n<\/tr>\n<tr style=\"height: 133px;\">\n<td style=\"width: 50%; height: 133px; border-color: #000000;\">Go\u00f1i<\/td>\n<td style=\"width: 50%; height: 133px; border-color: #000000;\"><span style=\"font-weight: 400;\">Aizp\u00fan<br \/>Azanza<br \/>Go\u00f1i<br \/>Mun\u00e1rriz<br \/>Urd\u00e1noz<\/span><\/td>\n<\/tr>\n<tr style=\"height: 211px;\">\n<td style=\"width: 50%; height: 211px; border-color: #000000;\">Imotz<\/td>\n<td style=\"width: 50%; height: 211px; border-color: #000000;\"><span style=\"font-weight: 400;\">Etxaleku<br \/>Eraso<br \/>Goldaratz<br \/>Latasa<br \/>Muskitz<br \/>Oskotz<br \/>Urritza<br \/>Zarrantz<\/span><\/td>\n<\/tr>\n<tr style=\"height: 211px;\">\n<td style=\"width: 50%; height: 211px; border-color: #000000;\">Itza<\/td>\n<td style=\"width: 50%; height: 211px; border-color: #000000;\"><span style=\"font-weight: 400;\">Aguinaga de Iza<br \/>Atondo<br \/>Zia<br \/>Erice<br \/>Gulina<br \/>Larumbe<br \/>Ochovi<br \/>Sarasate<\/span><\/td>\n<\/tr>\n<tr style=\"height: 185px;\">\n<td style=\"width: 50%; height: 185px; border-color: #000000;\">Ollo<\/td>\n<td style=\"width: 50%; height: 185px; border-color: #000000;\"><span style=\"font-weight: 400;\">Anotz<br \/>Arteta<br \/>Iltzarbe<br \/>Ollo<br \/>Saldise<br \/>Senosiain<br \/>Ultzurrun<\/span><\/td>\n<\/tr>\n<\/tbody>\n<\/table>\n<p><span style=\"font-weight: 400;\"><br \/><br \/><br \/><br \/><br \/><br \/><\/span><\/p>\n","protected":false},"excerpt":{"rendered":"<p>Udalerria Herria Irurtzun Irurtzun Arakil AizkorbeEkaiEtxarrenEtxeberriEgiarretaErrotzIzurdiagaMurginduetaItsasperriSatrustegiUrritzolaHiriberri\/VillanuevaIhabarZuhatzu Go\u00f1i Aizp\u00fanAzanzaGo\u00f1iMun\u00e1rrizUrd\u00e1noz Imotz EtxalekuErasoGoldaratzLatasaMuskitzOskotzUrritzaZarrantz Itza Aguinaga de IzaAtondoZiaEriceGulinaLarumbeOchoviSarasate Ollo AnotzArtetaIltzarbeOlloSaldiseSenosiainUltzurrun<\/p>\n","protected":false},"author":1,"featured_media":0,"parent":0,"menu_order":0,"comment_status":"closed","ping_status":"closed","template":"","meta":[],"featured_image_src":null,"featured_image_src_square":null,"_links":{"self":[{"href":"https:\/\/atakondoa.educacion.navarra.es\/web\/wp-json\/wp\/v2\/pages\/1379"}],"collection":[{"href":"https:\/\/atakondoa.educacion.navarra.es\/web\/wp-json\/wp\/v2\/pages"}],"about":[{"href":"https:\/\/atakondoa.educacion.navarra.es\/web\/wp-json\/wp\/v2\/types\/page"}],"author":[{"embeddable":true,"href":"https:\/\/atakondoa.educacion.navarra.es\/web\/wp-json\/wp\/v2\/users\/1"}],"replies":[{"embeddable":true,"href":"https:\/\/atakondoa.educacion.navarra.es\/web\/wp-json\/wp\/v2\/comments?post=1379"}],"version-history":[{"count":2,"href":"https:\/\/atakondoa.educacion.navarra.es\/web\/wp-json\/wp\/v2\/pages\/1379\/revisions"}],"predecessor-version":[{"id":1390,"href":"https:\/\/atakondoa.educacion.navarra.es\/web\/wp-json\/wp\/v2\/pages\/1379\/revisions\/1390"}],"wp:attachment":[{"href":"https:\/\/atakondoa.educacion.navarra.es\/web\/wp-json\/wp\/v2\/media?parent=1379"}],"curies":[{"name":"wp","href":"https:\/\/api.w.org\/{rel}","templated":true}]}}