{"id":855,"date":"2020-10-29T12:55:23","date_gmt":"2020-10-29T11:55:23","guid":{"rendered":"https:\/\/atakondoa.educacion.navarra.es\/web\/comision-de-coordinacion-pedagogica\/"},"modified":"2025-08-22T10:26:28","modified_gmt":"2025-08-22T08:26:28","slug":"comision-de-coordinacion-pedagogica","status":"publish","type":"page","link":"https:\/\/atakondoa.educacion.navarra.es\/web\/es\/comision-de-coordinacion-pedagogica\/","title":{"rendered":"Comisi\u00f3n de Coordinaci\u00f3n Pedag\u00f3gica"},"content":{"rendered":"<h3 style=\"text-align: center;\"><strong>Secretaria:<\/strong> Amaia Lopez.<\/h3>\n<h3 style=\"text-align: center;\"><strong>Jefa de Estudios:<\/strong> Miren Tijero<\/h3>\n<h3 style=\"text-align: center;\"><strong>Jefe de Estudios<\/strong><strong>:<\/strong> Izaro Goikoetxea<\/h3>\n<h3 style=\"text-align: center;\"><strong>Director:<\/strong> Agurtzane Go\u00f1i.<\/h3>\n<h3 style=\"text-align: center;\"><strong>Educaci\u00f3n Infantil<\/strong>: Maite Vitoria<\/h3>\n<h3 style=\"text-align: center;\"><strong>1\u00ba Ciclo EP:<\/strong> Alaitz Morato.<\/h3>\n<h3 style=\"text-align: center;\"><strong>2\u00ba Ciclo EP:<\/strong> Oihane Urra<\/h3>\n<h3 style=\"text-align: center;\"><strong>3\u00ba Ciclo EP:<\/strong> Saray Ongay<\/h3>\n<h3 style=\"text-align: center;\"><strong>ESO:<\/strong> Eguzki Nazabal<\/h3>\n","protected":false},"excerpt":{"rendered":"<p>Secretaria: Amaia Lopez. Jefa de Estudios: Miren Tijero Jefe de Estudios: Izaro Goikoetxea Director: Agurtzane Go\u00f1i. Educaci\u00f3n Infantil: Maite Vitoria 1\u00ba Ciclo EP: Alaitz Morato. 2\u00ba Ciclo EP: Oihane Urra 3\u00ba Ciclo EP: Saray Ongay ESO: Eguzki Nazabal<\/p>\n","protected":false},"author":1,"featured_media":0,"parent":0,"menu_order":0,"comment_status":"closed","ping_status":"closed","template":"","meta":[],"featured_image_src":null,"featured_image_src_square":null,"_links":{"self":[{"href":"https:\/\/atakondoa.educacion.navarra.es\/web\/es\/wp-json\/wp\/v2\/pages\/855"}],"collection":[{"href":"https:\/\/atakondoa.educacion.navarra.es\/web\/es\/wp-json\/wp\/v2\/pages"}],"about":[{"href":"https:\/\/atakondoa.educacion.navarra.es\/web\/es\/wp-json\/wp\/v2\/types\/page"}],"author":[{"embeddable":true,"href":"https:\/\/atakondoa.educacion.navarra.es\/web\/es\/wp-json\/wp\/v2\/users\/1"}],"replies":[{"embeddable":true,"href":"https:\/\/atakondoa.educacion.navarra.es\/web\/es\/wp-json\/wp\/v2\/comments?post=855"}],"version-history":[{"count":4,"href":"https:\/\/atakondoa.educacion.navarra.es\/web\/es\/wp-json\/wp\/v2\/pages\/855\/revisions"}],"predecessor-version":[{"id":2414,"href":"https:\/\/atakondoa.educacion.navarra.es\/web\/es\/wp-json\/wp\/v2\/pages\/855\/revisions\/2414"}],"wp:attachment":[{"href":"https:\/\/atakondoa.educacion.navarra.es\/web\/es\/wp-json\/wp\/v2\/media?parent=855"}],"curies":[{"name":"wp","href":"https:\/\/api.w.org\/{rel}","templated":true}]}}