{"id":675,"date":"2018-05-31T15:06:48","date_gmt":"2018-05-31T13:06:48","guid":{"rendered":"http:\/\/atakondoa.educacion.navarra.es\/web\/?page_id=675"},"modified":"2025-08-22T10:47:51","modified_gmt":"2025-08-22T08:47:51","slug":"extraescolares","status":"publish","type":"page","link":"https:\/\/atakondoa.educacion.navarra.es\/web\/es\/extraescolares\/","title":{"rendered":"EXTRAESCOLARES"},"content":{"rendered":"<p>El centro ha preparando las extraescolares del curso 25-26<\/p>\n<p>Estas actividades comenzar\u00e1n en octubre y acabar\u00e1n en mayo. Su horario ser\u00e1 de 15:30 a 16:15 de la tarde, de lunes a jueves.<\/p>\n<p><a href=\"https:\/\/drive.google.com\/file\/d\/1BxlOcwtiiQQKkHnt9purKxjS7QTn1wxo\/view?usp=sharing\">Oferta\u00a0<\/a><\/p>\n<p>\u00a0<\/p>\n\n","protected":false},"excerpt":{"rendered":"<p>El centro ha preparando las extraescolares del curso 25-26 Estas actividades comenzar\u00e1n en octubre y acabar\u00e1n en mayo. Su horario ser\u00e1 de 15:30 a 16:15 de la tarde, de lunes a jueves. Oferta\u00a0 \u00a0<\/p>\n","protected":false},"author":1,"featured_media":0,"parent":0,"menu_order":0,"comment_status":"closed","ping_status":"closed","template":"","meta":[],"featured_image_src":null,"featured_image_src_square":null,"_links":{"self":[{"href":"https:\/\/atakondoa.educacion.navarra.es\/web\/es\/wp-json\/wp\/v2\/pages\/675"}],"collection":[{"href":"https:\/\/atakondoa.educacion.navarra.es\/web\/es\/wp-json\/wp\/v2\/pages"}],"about":[{"href":"https:\/\/atakondoa.educacion.navarra.es\/web\/es\/wp-json\/wp\/v2\/types\/page"}],"author":[{"embeddable":true,"href":"https:\/\/atakondoa.educacion.navarra.es\/web\/es\/wp-json\/wp\/v2\/users\/1"}],"replies":[{"embeddable":true,"href":"https:\/\/atakondoa.educacion.navarra.es\/web\/es\/wp-json\/wp\/v2\/comments?post=675"}],"version-history":[{"count":7,"href":"https:\/\/atakondoa.educacion.navarra.es\/web\/es\/wp-json\/wp\/v2\/pages\/675\/revisions"}],"predecessor-version":[{"id":2419,"href":"https:\/\/atakondoa.educacion.navarra.es\/web\/es\/wp-json\/wp\/v2\/pages\/675\/revisions\/2419"}],"wp:attachment":[{"href":"https:\/\/atakondoa.educacion.navarra.es\/web\/es\/wp-json\/wp\/v2\/media?parent=675"}],"curies":[{"name":"wp","href":"https:\/\/api.w.org\/{rel}","templated":true}]}}