{"id":590,"date":"2018-05-10T13:48:12","date_gmt":"2018-05-10T11:48:12","guid":{"rendered":"http:\/\/atakondoa.educacion.navarra.es\/web\/?page_id=590"},"modified":"2022-12-21T14:22:26","modified_gmt":"2022-12-21T13:22:26","slug":"organos-de-la-escuela","status":"publish","type":"page","link":"https:\/\/atakondoa.educacion.navarra.es\/web\/es\/organos-de-la-escuela\/","title":{"rendered":"ORGANIGRAMA"},"content":{"rendered":"<p><a href=\"https:\/\/atakondoa.educacion.navarra.es\/web\/es\/equipo-directivo\/\">EQUIPO DIRECTIVO<\/a><\/p>\n<p><a href=\"https:\/\/atakondoa.educacion.navarra.es\/web\/es\/comision-de-coordinacion-pedagogica\/\">COMISI\u00d3N DE COORDINACI\u00d3N PEDAG\u00d3GICA<\/a><\/p>\n<p><img loading=\"lazy\" class=\"aligncenter size-full wp-image-1660\" src=\"https:\/\/atakondoa.educacion.navarra.es\/web\/wp-content\/uploads\/2022\/12\/Captura-2.png\" alt=\"\" width=\"696\" height=\"423\" srcset=\"https:\/\/atakondoa.educacion.navarra.es\/web\/wp-content\/uploads\/2022\/12\/Captura-2.png 696w, https:\/\/atakondoa.educacion.navarra.es\/web\/wp-content\/uploads\/2022\/12\/Captura-2-300x182.png 300w\" sizes=\"(max-width: 696px) 100vw, 696px\" \/><\/p>\n\n","protected":false},"excerpt":{"rendered":"<p>EQUIPO DIRECTIVO COMISI\u00d3N DE COORDINACI\u00d3N PEDAG\u00d3GICA<\/p>\n","protected":false},"author":1,"featured_media":0,"parent":0,"menu_order":0,"comment_status":"closed","ping_status":"closed","template":"","meta":[],"featured_image_src":null,"featured_image_src_square":null,"_links":{"self":[{"href":"https:\/\/atakondoa.educacion.navarra.es\/web\/es\/wp-json\/wp\/v2\/pages\/590"}],"collection":[{"href":"https:\/\/atakondoa.educacion.navarra.es\/web\/es\/wp-json\/wp\/v2\/pages"}],"about":[{"href":"https:\/\/atakondoa.educacion.navarra.es\/web\/es\/wp-json\/wp\/v2\/types\/page"}],"author":[{"embeddable":true,"href":"https:\/\/atakondoa.educacion.navarra.es\/web\/es\/wp-json\/wp\/v2\/users\/1"}],"replies":[{"embeddable":true,"href":"https:\/\/atakondoa.educacion.navarra.es\/web\/es\/wp-json\/wp\/v2\/comments?post=590"}],"version-history":[{"count":17,"href":"https:\/\/atakondoa.educacion.navarra.es\/web\/es\/wp-json\/wp\/v2\/pages\/590\/revisions"}],"predecessor-version":[{"id":1664,"href":"https:\/\/atakondoa.educacion.navarra.es\/web\/es\/wp-json\/wp\/v2\/pages\/590\/revisions\/1664"}],"wp:attachment":[{"href":"https:\/\/atakondoa.educacion.navarra.es\/web\/es\/wp-json\/wp\/v2\/media?parent=590"}],"curies":[{"name":"wp","href":"https:\/\/api.w.org\/{rel}","templated":true}]}}