{"id":1650,"date":"2022-12-21T10:38:28","date_gmt":"2022-12-21T09:38:28","guid":{"rendered":"https:\/\/atakondoa.educacion.navarra.es\/web\/?page_id=1650"},"modified":"2025-11-19T14:37:16","modified_gmt":"2025-11-19T13:37:16","slug":"eso","status":"publish","type":"page","link":"https:\/\/atakondoa.educacion.navarra.es\/web\/es\/eso\/","title":{"rendered":"ESO"},"content":{"rendered":"\n<table style=\"border-collapse: collapse; width: 100%; height: 462px;\">\n<tbody>\n<tr style=\"height: 29px;\">\n<td style=\"width: 50%; height: 29px; text-align: center;\">\n<h4><span style=\"background-color: #339966;\"><strong>1. ESO<\/strong><\/span><\/h4>\n<\/td>\n<td style=\"width: 50%; height: 29px; text-align: center;\">\n<h4><span style=\"background-color: #339966;\"><strong>2. ESO<\/strong><\/span><\/h4>\n<\/td>\n<\/tr>\n<tr style=\"height: 29px;\">\n<td style=\"width: 50%; height: 29px; text-align: center;\"><a href=\"https:\/\/drive.google.com\/file\/d\/1UzkjTEy3B0IbE64CjdQLcRx1chgy7-Fe\/view?usp=drive_link\"><strong>Atenci\u00f3n Educativa<\/strong><\/a><\/td>\n<td style=\"width: 50%; height: 29px; text-align: center;\"><a href=\"https:\/\/drive.google.com\/file\/d\/1iY1DNlDUMSdIpccYF0j5zGD8QohGbAlI\/view?usp=sharing\"><strong>Educaci\u00f3n F\u00edsica<\/strong><\/a><\/td>\n<\/tr>\n<tr style=\"height: 29px;\">\n<td style=\"width: 50%; height: 29px; text-align: center;\"><a href=\"https:\/\/drive.google.com\/file\/d\/1m_9avgOeL0UmWkWLPbFBFFc_YHqEiAc6\/view?usp=sharing\"><strong>Biolog\u00eda y Geolog\u00eda<\/strong><\/a><\/td>\n<td style=\"width: 50%; height: 29px; text-align: center;\"><a href=\"https:\/\/drive.google.com\/file\/d\/1W31JV2RnTVvAbTkbImpHw3j-A9YyNjMK\/view?usp=sharing\"><strong>Euskara<\/strong><\/a><\/td>\n<\/tr>\n<tr style=\"height: 29px;\">\n<td style=\"width: 50%; height: 29px; text-align: center;\"><strong>Creaci\u00f3n Literaria<\/strong><\/td>\n<td style=\"width: 50%; height: 29px; text-align: center;\"><a href=\"https:\/\/drive.google.com\/file\/d\/1X31sPSCeigqTTaMHdFfX9D5Cm68kKAv5\/view?usp=sharing\"><strong>F\u00edsica y Qu\u00edmica<\/strong><\/a><\/td>\n<\/tr>\n<tr style=\"height: 29px;\">\n<td style=\"width: 50%; height: 29px; text-align: center;\"><a href=\"https:\/\/drive.google.com\/file\/d\/1kkVhOTqkTMmQLstyecIaNQS68r2UIMPO\/view?usp=sharing\"><strong>Educaci\u00f3n F\u00edsica<\/strong><\/a><\/td>\n<td style=\"width: 50%; height: 29px; text-align: center;\"><a href=\"https:\/\/drive.google.com\/file\/d\/1-yxRvJvAhTabAWHxoe4vJmJEPgTlGC-6\/view?usp=sharing\"><strong>Franc\u00e9s<\/strong><\/a><\/td>\n<\/tr>\n<tr style=\"height: 29px;\">\n<td style=\"width: 50%; height: 29px; text-align: center;\"><a href=\"https:\/\/drive.google.com\/file\/d\/15S0ZbdJsPKu-1zZDjLqIHcb7WwMtXUJP\/view?usp=drive_link\"><strong>Euskara<\/strong><\/a><\/td>\n<td style=\"width: 50%; height: 29px; text-align: center;\"><a href=\"https:\/\/drive.google.com\/file\/d\/1AXS8b0CBPBzKs2S9kRw0PXVoYi3v4SkD\/view?usp=sharing\"><strong>Geograf\u00eda e Historia<\/strong><\/a><\/td>\n<\/tr>\n<tr style=\"height: 29px;\">\n<td style=\"width: 50%; height: 29px; text-align: center;\"><a href=\"https:\/\/drive.google.com\/file\/d\/1GZg5XP8leHZ1bM8B1kNVxI_qxLs9vg1l\/view?usp=sharing\"><strong>Franc\u00e9s<\/strong><\/a><\/td>\n<td style=\"width: 50%; height: 29px; text-align: center;\"><a href=\"https:\/\/drive.google.com\/file\/d\/1MNqxLutGSTSgsuVVRAK0gstXGs74T8rr\/view?usp=sharing\"><strong>Habilidades Ling\u00fc\u00edsticas<\/strong><\/a><\/td>\n<\/tr>\n<tr style=\"height: 29px;\">\n<td style=\"width: 50%; height: 29px; text-align: center;\"><a href=\"https:\/\/drive.google.com\/file\/d\/11rcGcAuJm2UYeS8RHq377PuyEMsJLi-c\/view?usp=sharing\"><strong>Geograf\u00eda e Historia<\/strong><\/a><\/td>\n<td style=\"width: 50%; height: 29px; text-align: center;\"><a href=\"https:\/\/drive.google.com\/file\/d\/1jLpTEpuPlO7XgOlysDG_cMqns7kMXseD\/view?usp=sharing\"><strong>Ingl\u00e9s<\/strong><\/a><\/td>\n<\/tr>\n<tr style=\"height: 29px;\">\n<td style=\"width: 50%; height: 29px; text-align: center;\"><a href=\"https:\/\/drive.google.com\/file\/d\/1ktq3RBPzEeMt53pzOcgqoLNPjcfTq8sE\/view?usp=sharing\"><strong>Ingl\u00e9s<\/strong><\/a><\/td>\n<td style=\"width: 50%; height: 29px; text-align: center;\"><a href=\"https:\/\/drive.google.com\/file\/d\/1l7lA37SNciU-M5EKOT-QyWZezAvv9SVm\/view?usp=sharing\"><strong>Lengua castellana<\/strong><\/a><\/td>\n<\/tr>\n<tr style=\"height: 29px;\">\n<td style=\"width: 50%; height: 29px; text-align: center;\"><a href=\"https:\/\/drive.google.com\/file\/d\/1t0QoHgGYQ0-g0AF_9iFfFAK6mxsd0tYV\/view?usp=sharing\"><strong>Lengua castellana<\/strong><\/a><\/td>\n<td style=\"width: 50%; height: 29px; text-align: center;\"><a href=\"https:\/\/drive.google.com\/file\/d\/132QmCdUHDd9hVd-5KUBfrD-a5Xlu-Go1\/view?usp=sharing\"><strong>Matem\u00e1tica<\/strong><\/a><\/td>\n<\/tr>\n<tr style=\"height: 29px;\">\n<td style=\"width: 50%; text-align: center; height: 29px;\"><a href=\"https:\/\/drive.google.com\/file\/d\/1Ay_eIGm8-4VaWSPeV-vjgtpMYlaFOGVK\/view?usp=sharing\"><strong>Matem\u00e1tica<\/strong><\/a><\/td>\n<td style=\"width: 50%; text-align: center; height: 29px;\"><a href=\"https:\/\/drive.google.com\/file\/d\/10FZeP6yUcROaZYXSgzgWujBYqEJmUrjq\/view?usp=sharing\"><strong>Pl\u00e1stica<\/strong><\/a><\/td>\n<\/tr>\n<tr style=\"height: 29px;\">\n<td style=\"width: 50%; text-align: center; height: 29px;\"><a href=\"https:\/\/drive.google.com\/file\/d\/17e-ynl5lwnC9UeGB22BqUxw-6yDTxvv6\/view?usp=sharing\"><strong>M\u00fasica<\/strong><\/a><\/td>\n<td style=\"width: 50%; text-align: center; height: 29px;\"><strong>Religi\u00f3n<\/strong><\/td>\n<\/tr>\n<tr style=\"height: 29px;\">\n<td style=\"width: 50%; text-align: center; height: 29px;\"><strong>Religi\u00f3n<\/strong><\/td>\n<td style=\"width: 50%; text-align: center; height: 29px;\"><a href=\"https:\/\/drive.google.com\/file\/d\/1fLj2Yvg16BEa-jADr999WNx2FNyRJAmo\/view?usp=sharing\"><strong>Tecnolog\u00eda<\/strong><\/a><\/td>\n<\/tr>\n<tr style=\"height: 29px;\">\n<td style=\"width: 50%; text-align: center; height: 29px;\"><a href=\"https:\/\/drive.google.com\/file\/d\/1wEDmp-hyUZuKf9KLdoZzJIfn3-CSVhRs\/view?usp=sharing\"><strong>Tecnolog\u00eda<\/strong><\/a><\/td>\n<td style=\"width: 50%; text-align: center; height: 29px;\"><a href=\"https:\/\/drive.google.com\/file\/d\/1gJaWAnG21_eJzyZh0AUDENt7aDFVi7EN\/view?usp=sharing\"><strong>Valores \u00c9ticos<\/strong><\/a><\/td>\n<\/tr>\n<tr style=\"height: 29px;\">\n<td style=\"width: 50%; text-align: center; height: 29px;\"><a href=\"https:\/\/drive.google.com\/file\/d\/1DlznxxcPnR1lScERtoGPkkhQOqySGF4w\/view?usp=drive_link\"><strong>Valores \u00c9ticos<\/strong><\/a><\/td>\n<td style=\"width: 50%; text-align: center; height: 29px;\">\u00a0<\/td>\n<\/tr>\n<tr style=\"height: 27px;\">\n<td style=\"width: 50%; text-align: center; height: 27px;\" colspan=\"2\"><a href=\"https:\/\/docs.google.com\/document\/d\/18BwRbVVrtzyLXJlgnYrgVRP8F6_CZ1sm\/edit?usp=drive_link&amp;ouid=108936906742094161093&amp;rtpof=true&amp;sd=true\"><strong>UCE<\/strong><\/a><\/td>\n<\/tr>\n<\/tbody>\n<\/table>\n","protected":false},"excerpt":{"rendered":"<p>1. ESO 2. ESO Atenci\u00f3n Educativa Educaci\u00f3n F\u00edsica Biolog\u00eda y Geolog\u00eda Euskara Creaci\u00f3n Literaria F\u00edsica y Qu\u00edmica Educaci\u00f3n F\u00edsica Franc\u00e9s Euskara Geograf\u00eda e Historia Franc\u00e9s Habilidades Ling\u00fc\u00edsticas Geograf\u00eda e Historia Ingl\u00e9s Ingl\u00e9s Lengua castellana Lengua castellana Matem\u00e1tica Matem\u00e1tica Pl\u00e1stica M\u00fasica Religi\u00f3n Religi\u00f3n Tecnolog\u00eda Tecnolog\u00eda Valores \u00c9ticos Valores \u00c9ticos \u00a0 UCE<\/p>\n","protected":false},"author":1,"featured_media":0,"parent":0,"menu_order":0,"comment_status":"closed","ping_status":"closed","template":"","meta":[],"featured_image_src":null,"featured_image_src_square":null,"_links":{"self":[{"href":"https:\/\/atakondoa.educacion.navarra.es\/web\/es\/wp-json\/wp\/v2\/pages\/1650"}],"collection":[{"href":"https:\/\/atakondoa.educacion.navarra.es\/web\/es\/wp-json\/wp\/v2\/pages"}],"about":[{"href":"https:\/\/atakondoa.educacion.navarra.es\/web\/es\/wp-json\/wp\/v2\/types\/page"}],"author":[{"embeddable":true,"href":"https:\/\/atakondoa.educacion.navarra.es\/web\/es\/wp-json\/wp\/v2\/users\/1"}],"replies":[{"embeddable":true,"href":"https:\/\/atakondoa.educacion.navarra.es\/web\/es\/wp-json\/wp\/v2\/comments?post=1650"}],"version-history":[{"count":34,"href":"https:\/\/atakondoa.educacion.navarra.es\/web\/es\/wp-json\/wp\/v2\/pages\/1650\/revisions"}],"predecessor-version":[{"id":2615,"href":"https:\/\/atakondoa.educacion.navarra.es\/web\/es\/wp-json\/wp\/v2\/pages\/1650\/revisions\/2615"}],"wp:attachment":[{"href":"https:\/\/atakondoa.educacion.navarra.es\/web\/es\/wp-json\/wp\/v2\/media?parent=1650"}],"curies":[{"name":"wp","href":"https:\/\/api.w.org\/{rel}","templated":true}]}}