{"id":1381,"date":"2022-02-04T14:39:58","date_gmt":"2022-02-04T13:39:58","guid":{"rendered":"https:\/\/atakondoa.educacion.navarra.es\/web\/la-comarca-de-atakondoa\/"},"modified":"2022-02-04T15:10:32","modified_gmt":"2022-02-04T14:10:32","slug":"la-comarca-de-atakondoa","status":"publish","type":"page","link":"https:\/\/atakondoa.educacion.navarra.es\/web\/es\/la-comarca-de-atakondoa\/","title":{"rendered":"La comarca de Atakondoa"},"content":{"rendered":"\n<table style=\"border-collapse: collapse; width: 100%; height: 1165px;\">\n<tbody>\n<tr style=\"height: 29px;\">\n<td style=\"width: 50%; height: 29px; border-color: #000000; text-align: center;\"><strong>Municipio<\/strong><\/td>\n<td style=\"width: 50%; height: 29px; border-color: #000000; text-align: center;\"><strong>Localidad<\/strong><\/td>\n<\/tr>\n<tr style=\"height: 29px;\">\n<td style=\"width: 50%; height: 29px; border-color: #000000;\">Irurtzun<\/td>\n<td style=\"width: 50%; height: 29px; border-color: #000000; text-align: center;\">Irurtzun<\/td>\n<\/tr>\n<tr style=\"height: 367px;\">\n<td style=\"width: 50%; height: 367px; border-color: #000000;\">Arakil<\/td>\n<td style=\"width: 50%; height: 367px; border-color: #000000; text-align: center;\">\n<p><span style=\"font-weight: 400;\">Aizkorbe <\/span><\/p>\n<p><span style=\"font-weight: 400;\">Ekai <\/span><\/p>\n<p><span style=\"font-weight: 400;\">Etxarren <\/span><\/p>\n<p><span style=\"font-weight: 400;\">Etxeberri <\/span><\/p>\n<p><span style=\"font-weight: 400;\">Egiarreta <\/span><\/p>\n<p><span style=\"font-weight: 400;\">Errotz <\/span><\/p>\n<p><span style=\"font-weight: 400;\">Izurdiaga <\/span><\/p>\n<p><span style=\"font-weight: 400;\">Murgindueta <\/span><\/p>\n<p><span style=\"font-weight: 400;\">Itsasperri <\/span><\/p>\n<p><span style=\"font-weight: 400;\">Satrustegi <\/span><\/p>\n<p><span style=\"font-weight: 400;\">Urritzola <\/span><\/p>\n<p><span style=\"font-weight: 400;\">Hiriberri\/Villanueva <\/span><\/p>\n<p><span style=\"font-weight: 400;\">Ihabar <\/span><\/p>\n<p><span style=\"font-weight: 400;\">Zuhatzu<\/span><\/p>\n<\/td>\n<\/tr>\n<tr style=\"height: 133px;\">\n<td style=\"width: 50%; height: 133px; border-color: #000000;\">Go\u00f1i<\/td>\n<td style=\"width: 50%; height: 133px; border-color: #000000; text-align: center;\">\n<p><span style=\"font-weight: 400;\">Aizp\u00fan <\/span><\/p>\n<p><span style=\"font-weight: 400;\">Azanza <\/span><\/p>\n<p><span style=\"font-weight: 400;\">Go\u00f1i <\/span><\/p>\n<p><span style=\"font-weight: 400;\">Mun\u00e1rriz <\/span><\/p>\n<p><span style=\"font-weight: 400;\">Urd\u00e1noz<\/span><\/p>\n<\/td>\n<\/tr>\n<tr style=\"height: 211px;\">\n<td style=\"width: 50%; height: 211px; border-color: #000000;\">Imotz<\/td>\n<td style=\"width: 50%; height: 211px; border-color: #000000; text-align: center;\">\n<p><span style=\"font-weight: 400;\">Etxaleku <\/span><\/p>\n<p><span style=\"font-weight: 400;\">Eraso <\/span><\/p>\n<p><span style=\"font-weight: 400;\">Goldaratz <\/span><\/p>\n<p><span style=\"font-weight: 400;\">Latasa <\/span><\/p>\n<p><span style=\"font-weight: 400;\">Muskitz <\/span><\/p>\n<p><span style=\"font-weight: 400;\">Oskotz <\/span><\/p>\n<p><span style=\"font-weight: 400;\">Urritza <\/span><\/p>\n<p><span style=\"font-weight: 400;\">Zarrantz<\/span><\/p>\n<\/td>\n<\/tr>\n<tr style=\"height: 211px;\">\n<td style=\"width: 50%; height: 211px; border-color: #000000;\">Itza<\/td>\n<td style=\"width: 50%; height: 211px; border-color: #000000; text-align: center;\">\n<p><span style=\"font-weight: 400;\">Aguinaga de Iza <\/span><\/p>\n<p><span style=\"font-weight: 400;\">Atondo <\/span><\/p>\n<p><span style=\"font-weight: 400;\">Zia <\/span><\/p>\n<p><span style=\"font-weight: 400;\">Erice <\/span><\/p>\n<p><span style=\"font-weight: 400;\">Gulina <\/span><\/p>\n<p><span style=\"font-weight: 400;\">Larumbe <\/span><\/p>\n<p><span style=\"font-weight: 400;\">Ochovi <\/span><\/p>\n<p><span style=\"font-weight: 400;\">S<\/span><span style=\"font-weight: 400;\">arasate<\/span><\/p>\n<\/td>\n<\/tr>\n<tr style=\"height: 185px;\">\n<td style=\"width: 50%; height: 185px; border-color: #000000;\">Ollo<\/td>\n<td style=\"width: 50%; height: 185px; border-color: #000000; text-align: center;\">\n<p><span style=\"font-weight: 400;\">Anotz <\/span><\/p>\n<p><span style=\"font-weight: 400;\">Arteta <\/span><\/p>\n<p><span style=\"font-weight: 400;\">Iltzarbe <\/span><\/p>\n<p><span style=\"font-weight: 400;\">Ollo <\/span><\/p>\n<p><span style=\"font-weight: 400;\">Saldise <\/span><\/p>\n<p><span style=\"font-weight: 400;\">Senosiain <\/span><\/p>\n<p><span style=\"font-weight: 400;\">Ultzurrun<\/span><\/p>\n<\/td>\n<\/tr>\n<\/tbody>\n<\/table>\n<p>\u00a0 \u00a0<\/p>\n","protected":false},"excerpt":{"rendered":"<p>Municipio Localidad Irurtzun Irurtzun Arakil Aizkorbe Ekai Etxarren Etxeberri Egiarreta Errotz Izurdiaga Murgindueta Itsasperri Satrustegi Urritzola Hiriberri\/Villanueva Ihabar Zuhatzu Go\u00f1i Aizp\u00fan Azanza Go\u00f1i Mun\u00e1rriz Urd\u00e1noz Imotz Etxaleku Eraso Goldaratz Latasa Muskitz Oskotz Urritza Zarrantz Itza Aguinaga de Iza Atondo Zia Erice Gulina Larumbe Ochovi Sarasate Ollo Anotz Arteta Iltzarbe Ollo Saldise Senosiain Ultzurrun \u00a0 \u00a0<\/p>\n","protected":false},"author":1,"featured_media":0,"parent":0,"menu_order":0,"comment_status":"closed","ping_status":"closed","template":"","meta":[],"featured_image_src":null,"featured_image_src_square":null,"_links":{"self":[{"href":"https:\/\/atakondoa.educacion.navarra.es\/web\/es\/wp-json\/wp\/v2\/pages\/1381"}],"collection":[{"href":"https:\/\/atakondoa.educacion.navarra.es\/web\/es\/wp-json\/wp\/v2\/pages"}],"about":[{"href":"https:\/\/atakondoa.educacion.navarra.es\/web\/es\/wp-json\/wp\/v2\/types\/page"}],"author":[{"embeddable":true,"href":"https:\/\/atakondoa.educacion.navarra.es\/web\/es\/wp-json\/wp\/v2\/users\/1"}],"replies":[{"embeddable":true,"href":"https:\/\/atakondoa.educacion.navarra.es\/web\/es\/wp-json\/wp\/v2\/comments?post=1381"}],"version-history":[{"count":2,"href":"https:\/\/atakondoa.educacion.navarra.es\/web\/es\/wp-json\/wp\/v2\/pages\/1381\/revisions"}],"predecessor-version":[{"id":1393,"href":"https:\/\/atakondoa.educacion.navarra.es\/web\/es\/wp-json\/wp\/v2\/pages\/1381\/revisions\/1393"}],"wp:attachment":[{"href":"https:\/\/atakondoa.educacion.navarra.es\/web\/es\/wp-json\/wp\/v2\/media?parent=1381"}],"curies":[{"name":"wp","href":"https:\/\/api.w.org\/{rel}","templated":true}]}}