{"id":1208,"date":"2021-01-10T22:25:37","date_gmt":"2021-01-10T21:25:37","guid":{"rendered":"https:\/\/atakondoa.educacion.navarra.es\/web\/goiztxokoa\/"},"modified":"2025-08-22T10:51:59","modified_gmt":"2025-08-22T08:51:59","slug":"goiztxokoa","status":"publish","type":"page","link":"https:\/\/atakondoa.educacion.navarra.es\/web\/es\/goiztxokoa\/","title":{"rendered":"NI\u00d1AS-OS MADRUGADORAS-ES"},"content":{"rendered":"<p>\u00bfNecesitas dejar a tus hijas-os en el centro antes de las 9:00 para conciliar? Entonces, esto te interesa:<\/p>\n<p>La Asociaci\u00f3n de Madres y Padres, organizadora de este servicio, quiere seguir ofreciendo este servicio este curso 25-26. Si necesit\u00e1is m\u00e1s informaci\u00f3n, pod\u00e9is escribir a la direcci\u00f3n: atakondoaapyma@gmail.com.<\/p>\n","protected":false},"excerpt":{"rendered":"<p>\u00bfNecesitas dejar a tus hijas-os en el centro antes de las 9:00 para conciliar? Entonces, esto te interesa: La Asociaci\u00f3n de Madres y Padres, organizadora de este servicio, quiere seguir ofreciendo este servicio este curso 25-26. Si necesit\u00e1is m\u00e1s informaci\u00f3n, pod\u00e9is escribir a la direcci\u00f3n: atakondoaapyma@gmail.com.<\/p>\n","protected":false},"author":1,"featured_media":0,"parent":0,"menu_order":0,"comment_status":"closed","ping_status":"closed","template":"","meta":[],"featured_image_src":null,"featured_image_src_square":null,"_links":{"self":[{"href":"https:\/\/atakondoa.educacion.navarra.es\/web\/es\/wp-json\/wp\/v2\/pages\/1208"}],"collection":[{"href":"https:\/\/atakondoa.educacion.navarra.es\/web\/es\/wp-json\/wp\/v2\/pages"}],"about":[{"href":"https:\/\/atakondoa.educacion.navarra.es\/web\/es\/wp-json\/wp\/v2\/types\/page"}],"author":[{"embeddable":true,"href":"https:\/\/atakondoa.educacion.navarra.es\/web\/es\/wp-json\/wp\/v2\/users\/1"}],"replies":[{"embeddable":true,"href":"https:\/\/atakondoa.educacion.navarra.es\/web\/es\/wp-json\/wp\/v2\/comments?post=1208"}],"version-history":[{"count":7,"href":"https:\/\/atakondoa.educacion.navarra.es\/web\/es\/wp-json\/wp\/v2\/pages\/1208\/revisions"}],"predecessor-version":[{"id":2422,"href":"https:\/\/atakondoa.educacion.navarra.es\/web\/es\/wp-json\/wp\/v2\/pages\/1208\/revisions\/2422"}],"wp:attachment":[{"href":"https:\/\/atakondoa.educacion.navarra.es\/web\/es\/wp-json\/wp\/v2\/media?parent=1208"}],"curies":[{"name":"wp","href":"https:\/\/api.w.org\/{rel}","templated":true}]}}